{"id":12467,"date":"2023-05-22T10:00:31","date_gmt":"2023-05-22T10:00:31","guid":{"rendered":"http:\/\/www.ael.pt\/?page_id=12467"},"modified":"2023-05-22T11:05:21","modified_gmt":"2023-05-22T11:05:21","slug":"publicitacao-de-atos","status":"publish","type":"page","link":"https:\/\/www.ael.pt\/pt\/publicitacao-de-atos\/","title":{"rendered":"Publicita\u00e7\u00e3o de Atos"},"content":{"rendered":"\t\t<div data-elementor-type=\"wp-page\" data-elementor-id=\"12467\" class=\"elementor elementor-12467\">\n\t\t\t\t<div class=\"elementor-element elementor-element-99cf815 e-flex e-con-boxed e-con e-parent\" data-id=\"99cf815\" data-element_type=\"container\">\n\t\t\t\t\t<div class=\"e-con-inner\">\n\t\t\t\t<div class=\"elementor-element elementor-element-047385a elementor-grid-eael-col-4 elementor-grid-tablet-eael-col-2 elementor-grid-mobile-eael-col-1 elementor-widget elementor-widget-eael-post-grid\" data-id=\"047385a\" data-element_type=\"widget\" data-settings=\"{&quot;eael_post_grid_columns&quot;:&quot;eael-col-4&quot;,&quot;eael_post_grid_columns_tablet&quot;:&quot;eael-col-2&quot;,&quot;eael_post_grid_columns_mobile&quot;:&quot;eael-col-1&quot;}\" data-widget_type=\"eael-post-grid.default\">\n\t\t\t\t<div class=\"elementor-widget-container\">\n\t\t\t<div id=\"eael-post-grid-047385a\" class=\"eael-post-grid-container\">\n            <div class=\"eael-post-grid eael-post-appender eael-post-appender-047385a eael-post-grid-style-one\" data-layout-mode=\"grid\"><article class=\"eael-grid-post eael-post-grid-column\" data-id=\"12523\">\n        <div class=\"eael-grid-post-holder\">\n            <div class=\"eael-grid-post-holder-inner\"><div class=\"eael-entry-media\"><div class=\"eael-entry-overlay fade-in\"><i class=\"fas fa-long-arrow-alt-right\" aria-hidden=\"true\"><\/i><a href=\"https:\/\/www.ael.pt\/pt\/poci-03-3560-fse-000620-adjudicacao-de-reforco\/\"><\/a><\/div><div class=\"eael-entry-thumbnail eael-image-ratio\">\n                <img fetchpriority=\"high\" decoding=\"async\" width=\"300\" height=\"200\" src=\"https:\/\/www.ael.pt\/wp-content\/uploads\/2020\/02\/atos-300x200.jpg\" class=\"attachment-medium size-medium wp-image-12501\" alt=\"\" srcset=\"https:\/\/www.ael.pt\/wp-content\/uploads\/2020\/02\/atos-300x200.jpg 300w, https:\/\/www.ael.pt\/wp-content\/uploads\/2020\/02\/atos-1024x683.jpg 1024w, https:\/\/www.ael.pt\/wp-content\/uploads\/2020\/02\/atos-768x512.jpg 768w, https:\/\/www.ael.pt\/wp-content\/uploads\/2020\/02\/atos-1536x1025.jpg 1536w, https:\/\/www.ael.pt\/wp-content\/uploads\/2020\/02\/atos.jpg 1920w\" sizes=\"(max-width: 300px) 100vw, 300px\" \/>\n            <\/div>\n        <\/div><div class=\"eael-entry-wrapper\"><header class=\"eael-entry-header\"><h2 class=\"eael-entry-title\"><a\n                        class=\"eael-grid-post-link\"\n                        href=\"https:\/\/www.ael.pt\/pt\/poci-03-3560-fse-000620-adjudicacao-de-reforco\/\"\n                        title=\"POCI-03-3560-FSE-000620 &#8211; Adjudica\u00e7\u00e3o de Refor\u00e7o\">POCI-03-3560-FSE-000620 &#8211; Adjudica\u00e7\u00e3o de Refor\u00e7o<\/a><\/h2><\/header><div class=\"eael-entry-footer\"><div class=\"eael-entry-meta\"><span class=\"eael-posted-on\"><time datetime=\"5 de Maio, 2023\">5 de Maio, 2023<\/time><\/span><\/div><\/div><\/div><\/div>\n        <\/div>\n    <\/article><article class=\"eael-grid-post eael-post-grid-column\" data-id=\"12502\">\n        <div class=\"eael-grid-post-holder\">\n            <div class=\"eael-grid-post-holder-inner\"><div class=\"eael-entry-media\"><div class=\"eael-entry-overlay fade-in\"><i class=\"fas fa-long-arrow-alt-right\" aria-hidden=\"true\"><\/i><a href=\"https:\/\/www.ael.pt\/pt\/aquisicao-de-servicos-de-formacao-profissional-reforco\/\"><\/a><\/div><div class=\"eael-entry-thumbnail eael-image-ratio\">\n                <img fetchpriority=\"high\" decoding=\"async\" width=\"300\" height=\"200\" src=\"https:\/\/www.ael.pt\/wp-content\/uploads\/2020\/02\/atos-300x200.jpg\" class=\"attachment-medium size-medium wp-image-12501\" alt=\"\" srcset=\"https:\/\/www.ael.pt\/wp-content\/uploads\/2020\/02\/atos-300x200.jpg 300w, https:\/\/www.ael.pt\/wp-content\/uploads\/2020\/02\/atos-1024x683.jpg 1024w, https:\/\/www.ael.pt\/wp-content\/uploads\/2020\/02\/atos-768x512.jpg 768w, https:\/\/www.ael.pt\/wp-content\/uploads\/2020\/02\/atos-1536x1025.jpg 1536w, https:\/\/www.ael.pt\/wp-content\/uploads\/2020\/02\/atos.jpg 1920w\" sizes=\"(max-width: 300px) 100vw, 300px\" \/>\n            <\/div>\n        <\/div><div class=\"eael-entry-wrapper\"><header class=\"eael-entry-header\"><h2 class=\"eael-entry-title\"><a\n                        class=\"eael-grid-post-link\"\n                        href=\"https:\/\/www.ael.pt\/pt\/aquisicao-de-servicos-de-formacao-profissional-reforco\/\"\n                        title=\"Aquisi\u00e7\u00e3o de Servi\u00e7os de Forma\u00e7\u00e3o Profissional (Refor\u00e7o)\">Aquisi\u00e7\u00e3o de Servi\u00e7os de Forma\u00e7\u00e3o Profissional (Refor\u00e7o)<\/a><\/h2><\/header><div class=\"eael-entry-footer\"><div class=\"eael-entry-meta\"><span class=\"eael-posted-on\"><time datetime=\"20 de Janeiro, 2023\">20 de Janeiro, 2023<\/time><\/span><\/div><\/div><\/div><\/div>\n        <\/div>\n    <\/article><article class=\"eael-grid-post eael-post-grid-column\" data-id=\"12474\">\n        <div class=\"eael-grid-post-holder\">\n            <div class=\"eael-grid-post-holder-inner\"><div class=\"eael-entry-media\"><div class=\"eael-entry-overlay fade-in\"><i class=\"fas fa-long-arrow-alt-right\" aria-hidden=\"true\"><\/i><a href=\"https:\/\/www.ael.pt\/pt\/aquisicao-de-servicos-de-formacao-profissional\/\"><\/a><\/div><div class=\"eael-entry-thumbnail eael-image-ratio\">\n                <img fetchpriority=\"high\" decoding=\"async\" width=\"300\" height=\"200\" src=\"https:\/\/www.ael.pt\/wp-content\/uploads\/2020\/02\/atos-300x200.jpg\" class=\"attachment-medium size-medium wp-image-12501\" alt=\"\" srcset=\"https:\/\/www.ael.pt\/wp-content\/uploads\/2020\/02\/atos-300x200.jpg 300w, https:\/\/www.ael.pt\/wp-content\/uploads\/2020\/02\/atos-1024x683.jpg 1024w, https:\/\/www.ael.pt\/wp-content\/uploads\/2020\/02\/atos-768x512.jpg 768w, https:\/\/www.ael.pt\/wp-content\/uploads\/2020\/02\/atos-1536x1025.jpg 1536w, https:\/\/www.ael.pt\/wp-content\/uploads\/2020\/02\/atos.jpg 1920w\" sizes=\"(max-width: 300px) 100vw, 300px\" \/>\n            <\/div>\n        <\/div><div class=\"eael-entry-wrapper\"><header class=\"eael-entry-header\"><h2 class=\"eael-entry-title\"><a\n                        class=\"eael-grid-post-link\"\n                        href=\"https:\/\/www.ael.pt\/pt\/aquisicao-de-servicos-de-formacao-profissional\/\"\n                        title=\"Aquisi\u00e7\u00e3o de Servi\u00e7os de Forma\u00e7\u00e3o Profissional\">Aquisi\u00e7\u00e3o de Servi\u00e7os de Forma\u00e7\u00e3o Profissional<\/a><\/h2><\/header><div class=\"eael-entry-footer\"><div class=\"eael-entry-meta\"><span class=\"eael-posted-on\"><time datetime=\"6 de Fevereiro, 2020\">6 de Fevereiro, 2020<\/time><\/span><\/div><\/div><\/div><\/div>\n        <\/div>\n    <\/article><\/div>\n            <div class=\"clearfix\"><\/div>\n        <\/div>\t\t<\/div>\n\t\t\t\t<\/div>\n\t\t\t\t\t<\/div>\n\t\t\t\t<\/div>\n\t\t\t\t<\/div>\n\t\t","protected":false},"excerpt":{"rendered":"<p>POCI-03-3560-FSE-000620 &#8211; Adjudica\u00e7\u00e3o de Refor\u00e7o Maio 5, 2023 Aquisi\u00e7\u00e3o de&hellip;<\/p>\n<p> <a class=\"more-link\" href=\"https:\/\/www.ael.pt\/pt\/aquisicao-de-servicos-de-formacao-profissional\/\">Read more<\/a><\/p>\n","protected":false},"author":1,"featured_media":12501,"parent":0,"menu_order":0,"comment_status":"closed","ping_status":"closed","template":"elementor_theme","meta":{"_kadence_starter_templates_imported_post":false,"footnotes":""},"class_list":["post-12467","page","type-page","status-publish","has-post-thumbnail"],"_links":{"self":[{"href":"https:\/\/www.ael.pt\/pt\/wp-json\/wp\/v2\/pages\/12467","targetHints":{"allow":["GET"]}}],"collection":[{"href":"https:\/\/www.ael.pt\/pt\/wp-json\/wp\/v2\/pages"}],"about":[{"href":"https:\/\/www.ael.pt\/pt\/wp-json\/wp\/v2\/types\/page"}],"author":[{"embeddable":true,"href":"https:\/\/www.ael.pt\/pt\/wp-json\/wp\/v2\/users\/1"}],"replies":[{"embeddable":true,"href":"https:\/\/www.ael.pt\/pt\/wp-json\/wp\/v2\/comments?post=12467"}],"version-history":[{"count":26,"href":"https:\/\/www.ael.pt\/pt\/wp-json\/wp\/v2\/pages\/12467\/revisions"}],"predecessor-version":[{"id":12528,"href":"https:\/\/www.ael.pt\/pt\/wp-json\/wp\/v2\/pages\/12467\/revisions\/12528"}],"wp:featuredmedia":[{"embeddable":true,"href":"https:\/\/www.ael.pt\/pt\/wp-json\/wp\/v2\/media\/12501"}],"wp:attachment":[{"href":"https:\/\/www.ael.pt\/pt\/wp-json\/wp\/v2\/media?parent=12467"}],"curies":[{"name":"wp","href":"https:\/\/api.w.org\/{rel}","templated":true}]}}